{"id":56,"date":"2022-09-07T13:50:53","date_gmt":"2022-09-07T11:50:53","guid":{"rendered":"https:\/\/nosrevolutions.fr\/?page_id=56"},"modified":"2023-09-22T16:19:12","modified_gmt":"2023-09-22T14:19:12","slug":"notre-demarche","status":"publish","type":"page","link":"https:\/\/nosrevolutions.fr\/en\/notre-demarche\/","title":{"rendered":"Our approach"},"content":{"rendered":"<p>Launched in autumn 2022 by communist activists and the social movement, the media outlet Nos R\u00e9volutions aims to rebuild the essential links between the communist current of ideas and the multiple struggles for emancipation shaking our country. This platform, which will grow over time, is open both to all willing participants and to contradictory debates!<\/p>\n\n\n\n<div class=\"wp-block-buttons is-layout-flex wp-block-buttons-is-layout-flex\">\n<div class=\"wp-block-button\"><a class=\"wp-block-button__link has-background-color has-vivid-purple-background-color has-text-color has-background wp-element-button\" href=\"mailto:redaction@nosrevolutions.fr\">Contribute<\/a><\/div>\n\n\n\n<div class=\"wp-block-button\"><a class=\"wp-block-button__link has-background-color has-vivid-purple-background-color has-text-color has-background wp-element-button\" href=\"mailto:contact@nosrevolutions.fr\">Contact our team<\/a><\/div>\n<\/div>\n\n\n\n<hr class=\"wp-block-separator has-alpha-channel-opacity is-style-wide\" style=\"margin-top:var(--wp--preset--spacing--80);margin-bottom:var(--wp--preset--spacing--80)\"\/>\n\n\n\n<div class=\"wp-block-columns is-layout-flex wp-container-core-columns-is-layout-28f84493 wp-block-columns-is-layout-flex\">\n<div class=\"wp-block-column is-layout-flow wp-block-column-is-layout-flow\" style=\"flex-basis:50%\">\n<figure class=\"wp-block-image size-full is-resized\"><img loading=\"lazy\" decoding=\"async\" src=\"https:\/\/nosrevolutions.fr\/wp-content\/uploads\/2023\/05\/DALL\u00b7E-2023-05-08-18.15.22-revolution-in-Paris-red-flags-2023-digital-art-2.png\" alt=\"\" class=\"wp-image-461\" style=\"width:262px;height:262px\" width=\"262\" height=\"262\" srcset=\"https:\/\/nosrevolutions.fr\/wp-content\/uploads\/2023\/05\/DALL\u00b7E-2023-05-08-18.15.22-revolution-in-Paris-red-flags-2023-digital-art-2.png 1024w, https:\/\/nosrevolutions.fr\/wp-content\/uploads\/2023\/05\/DALL\u00b7E-2023-05-08-18.15.22-revolution-in-Paris-red-flags-2023-digital-art-2-300x300.png 300w, https:\/\/nosrevolutions.fr\/wp-content\/uploads\/2023\/05\/DALL\u00b7E-2023-05-08-18.15.22-revolution-in-Paris-red-flags-2023-digital-art-2-150x150.png 150w, https:\/\/nosrevolutions.fr\/wp-content\/uploads\/2023\/05\/DALL\u00b7E-2023-05-08-18.15.22-revolution-in-Paris-red-flags-2023-digital-art-2-768x768.png 768w\" sizes=\"auto, (max-width: 262px) 100vw, 262px\" \/><\/figure>\n<\/div>\n\n\n\n<div class=\"wp-block-column is-vertically-aligned-center is-layout-flow wp-block-column-is-layout-flow\" style=\"flex-basis:70%\">\n<h4 class=\"wp-block-heading\"><strong>Nos R\u00e9volutions : putting communist ideas back at the service of the popular movement<\/strong><\/h4>\n<\/div>\n<\/div>\n\n\n\n<p style=\"margin-top:var(--wp--preset--spacing--80)\"><strong>8 May 2023<\/strong><\/p>\n\n\n\n<p style=\"margin-top:var(--wp--preset--spacing--60)\"><strong>This is undoubtedly a historic moment.<\/strong> Rejected by public opinion, dogged by scandals and surrounded by demonstrations, Macron's government is being challenged everywhere. The pension reform, imposed on 16 March without a vote in the National Assembly, has led to the longest and most powerful popular movement against it in decades.<\/p>\n\n\n\n<p><strong>This movement, which is inextricably linked to social and political issues, is not limited to the 64-year-olds.<\/strong> Democratic demands (rejection of the 49-3, dissolution of the Brav-M, referendum), but also feminist demands (against a measure that will primarily affect women) and environmentalist demands (for an economy that does not destroy the environment) have all found their place. And for good reason: this is a movement of the entire working class, whose opposition to the profiteering class is becoming more resolute by the day. On this basis, the aspiration for a new, non-capitalist society is gradually taking shape and spreading throughout French society.<\/p>\n\n\n\n<p><strong>But is change within reach?<\/strong> If the parliamentary elections and the current level of mobilisation confirm the absence of a majority in France to apply the neoliberal programme, it is not certain in the current conditions that an alternative political majority will have the strength to replace the rotting Macronism.<\/p>\n\n\n\n<p><strong>All the more because, in any crisis, dangers rise just as fast as opportunities.<\/strong> Born out of opposition to the excesses of the Fifth Republic<sup>e<\/sup> \u2014 regime of permanent confiscation of the popular will \u2014 could the current mobilization lead to the victory of an even more authoritarian solution? This is the dangerous paradox, now embodied by Marine Le Pen, that progressive forces must confront.<\/p>\n\n\n\n<p><strong>Beyond the risk of the far right, let us not forget the past betrayals that have caused popular movements to collapse.<\/strong> While the most recent national elections favored radical solutions on the left, centrist strategies \u2014 whether under the banner of social liberalism or left-wing nationalism, depending on the mood of their voters \u2014 continue to align themselves with the agenda of the ruling class.<\/p>\n\n\n\n<p><strong>Facing these challenges and helping the people\u2019s movement reach power requires a firm commitment to ideas and principles at the heart of politics.<\/strong> To change the world, it takes millions standing together \u2014 their ability to learn, question, adapt, and hold firm amid shifting realities is crucial.<\/p>\n\n\n\n<p><strong>In France, the communists have often played this role within the left. <\/strong>In light of this history, we want to reconnect with a meaningful contribution to popular struggles and Marxist debates. To do so, we are convinced that the communist movement must reach a new stage by fully confronting the paradigm shifts shaking our century.<\/p>\n\n\n\n<p>Among the communist shortcomings, we identify four that are most detrimental to action:<\/p>\n\n\n\n<ol class=\"wp-block-list\">\n<li><strong>From the fragmentation of the wage-earning class arise new forms of mutual aid, awareness, and struggle. <\/strong>The pension movement confirms the strategic importance of major public or monopolistic sectors (such as SNCF, energy companies), where a strong trade union tradition prevails. Yet alongside and within these sectors, due to the geographical and contractual fragmentation of work, new forms of struggle are emerging \u2014 from Facebook groups to roundabouts. This leads to new modes of action, and therefore to a new way for communists to act alongside and within social and civic movements.<\/li>\n\n\n\n<li><strong>The horn of plenty is no longer the horizon of emancipatory projects.<\/strong> In a handful of wealthy countries, mainly in Europe and North America, the golden era of the late 20th<sup>e<\/sup> century spread the false idea of eternal abundance, supposedly only requiring the arbitration of its distribution. The 2008 economic crisis, the climate crisis, and the widespread crisis of Western imperialisms have shattered this sweet dream. The abundance, which was illusory, was actually the result of sacrifices borne by other peoples around the world, as well as unsustainable extractions from the planetary ecosystem. Far from being insignificant, this is the standard by which any serious program for social transformation must now be reconsidered, both in France and globally.<\/li>\n\n\n\n<li><strong>In response to the violence of the dominant powers, a new radicalism is emerging.<\/strong> The pension movement is characterized both by historic union demonstrations and by spontaneous nocturnal marches led by youth. In the face of escalating police repression, new forms of action are being invented, ranging from evasion to confrontation. Against water basins and agribusiness, the environmental movement is also marked by a diversity of protest forms. Far from the pompous media condemnations, the role of communists is to help identify the most effective paths to victory for all these struggles.<\/li>\n\n\n\n<li><strong>Resolving the democratic crisis becomes the condition for any progressive advance.<\/strong> Our current institutions can only shock and brutalize French society, which is increasingly educated and connected, eager for controversy and political debate. Everyone understands that there will be no positive outcome to the ongoing crisis without a complete overthrow of the political system. In this situation, it is more vital than ever to renounce any authoritarian temptation on the left. Misplaced nostalgias for the 'authoritarian socialism' of the 20th<sup>e<\/sup> century, as well as tendencies toward political control or cautious relations with popular movements, show that there is still a long way to go to fully integrate the popular aspiration for 'real democracy' into our political approach.<\/li>\n<\/ol>\n\n\n\n<p><strong>To restore communism to its rightful dignity, we nurture the ambition of a humble and open-minded communist practice\u2014one that seeks to learn before claiming to teach, demanding first of itself before demanding of others. <\/strong>This is what we aim to do through this new media platform, launched in autumn 2022. A melting pot of activist experiences, reflections, and debates, Nos R\u00e9volutions seeks to serve the communist current of ideas and the social movement. Through articles, analyses, debates, interviews, as well as videos and news monitoring\u2026 As everyone takes their share, the regularity and diversity of our formats will grow!<\/p>\n\n\n\n<p>Open to the movements of society, grounded in the struggles of the present, and with minds open to future ideas, it is with this triple commitment that we will work for Nos R\u00e9volutions.<\/p>\n\n\n\n<p>David <strong>Arabia<\/strong><br>Chlo\u00e9 <strong>Beignon<\/strong><br>Aur\u00e9lie <strong>Biancarelli-Lopes<\/strong><br>Hugo <strong>Blossier<\/strong><br>Hadrien <strong>Bortot<\/strong><br>Sophie <strong>Bournot<\/strong><br>Juan Francisco <strong>Cohu<\/strong><br>Manel <strong>Djadoun<\/strong><br>Rosa <strong>Drif<\/strong><br>Ana\u00efs <strong>Fley<\/strong><br>Th\u00e9o <strong>Froger<\/strong><br>Nadine <strong>Garcia<\/strong><br>Gabriel <strong>Gau<\/strong><br>Laureen <strong>Genthon<\/strong><br>Nina <strong>Goualier<\/strong><br>Antoine <strong>Guerreiro<\/strong><br>Marie <strong>Jay<\/strong><br>No\u00e2m <strong>Korchi<\/strong><br>Carmen <strong>Mallejac<\/strong><br>Frank <strong>Mouly<\/strong><br>Hugo <strong>Pompougnac<\/strong><br>Katia <strong>Ruiz-Berrocal<\/strong><br>Bradley <strong>Smith<\/strong><br>Lola <strong>Sudreau<\/strong><\/p>","protected":false},"excerpt":{"rendered":"<p>Lanc\u00e9 \u00e0 l\u2019automne 2022 par des militant\u00b7es communistes et du mouvement social, le m\u00e9dia Nos R\u00e9volutions vise \u00e0 tisser \u00e0 nouveau les liens indispensables entre le courant d\u2019id\u00e9es communiste et [&hellip;]<\/p>\n","protected":false},"author":1,"featured_media":69,"parent":0,"menu_order":0,"comment_status":"closed","ping_status":"closed","template":"","meta":{"_EventAllDay":false,"_EventTimezone":"","_EventStartDate":"","_EventEndDate":"","_EventStartDateUTC":"","_EventEndDateUTC":"","_EventShowMap":false,"_EventShowMapLink":false,"_EventURL":"","_EventCost":"","_EventCostDescription":"","_EventCurrencySymbol":"","_EventCurrencyCode":"","_EventCurrencyPosition":"","_EventDateTimeSeparator":"","_EventTimeRangeSeparator":"","_EventOrganizerID":[],"_EventVenueID":[],"_OrganizerEmail":"","_OrganizerPhone":"","_OrganizerWebsite":"","_VenueAddress":"","_VenueCity":"","_VenueCountry":"","_VenueProvince":"","_VenueState":"","_VenueZip":"","_VenuePhone":"","_VenueURL":"","_VenueStateProvince":"","_VenueLat":"","_VenueLng":"","_VenueShowMap":false,"_VenueShowMapLink":false,"footnotes":""},"class_list":["post-56","page","type-page","status-publish","has-post-thumbnail","hentry"],"yoast_head":"<!-- This site is optimized with the Yoast SEO plugin v27.3 - https:\/\/yoast.com\/product\/yoast-seo-wordpress\/ -->\n<title>Notre d\u00e9marche - Nos R\u00e9volutions<\/title>\n<meta name=\"robots\" content=\"index, follow, max-snippet:-1, max-image-preview:large, max-video-preview:-1\" \/>\n<link rel=\"canonical\" href=\"https:\/\/nosrevolutions.fr\/en\/notre-demarche\/\" \/>\n<meta property=\"og:locale\" content=\"en_GB\" \/>\n<meta property=\"og:type\" content=\"article\" \/>\n<meta property=\"og:title\" content=\"Notre d\u00e9marche - Nos R\u00e9volutions\" \/>\n<meta property=\"og:description\" content=\"Lanc\u00e9 \u00e0 l\u2019automne 2022 par des militant\u00b7es communistes et du mouvement social, le m\u00e9dia Nos R\u00e9volutions vise \u00e0 tisser \u00e0 nouveau les liens indispensables entre le courant d\u2019id\u00e9es communiste et [&hellip;]\" \/>\n<meta property=\"og:url\" content=\"https:\/\/nosrevolutions.fr\/en\/notre-demarche\/\" \/>\n<meta property=\"og:site_name\" content=\"Nos R\u00e9volutions\" \/>\n<meta property=\"article:modified_time\" content=\"2023-09-22T14:19:12+00:00\" \/>\n<meta property=\"og:image\" content=\"https:\/\/nosrevolutions.fr\/wp-content\/uploads\/2022\/09\/Rectangle-9.jpg\" \/>\n\t<meta property=\"og:image:width\" content=\"1129\" \/>\n\t<meta property=\"og:image:height\" content=\"346\" \/>\n\t<meta property=\"og:image:type\" content=\"image\/jpeg\" \/>\n<meta name=\"twitter:card\" content=\"summary_large_image\" \/>\n<meta name=\"twitter:site\" content=\"@NosRevolutions\" \/>\n<meta name=\"twitter:label1\" content=\"Estimated reading time\" \/>\n\t<meta name=\"twitter:data1\" content=\"1 minute\" \/>\n<script type=\"application\/ld+json\" class=\"yoast-schema-graph\">{\"@context\":\"https:\\\/\\\/schema.org\",\"@graph\":[{\"@type\":\"WebPage\",\"@id\":\"https:\\\/\\\/nosrevolutions.fr\\\/notre-demarche\\\/\",\"url\":\"https:\\\/\\\/nosrevolutions.fr\\\/notre-demarche\\\/\",\"name\":\"Notre d\u00e9marche - Nos R\u00e9volutions\",\"isPartOf\":{\"@id\":\"https:\\\/\\\/nosrevolutions.fr\\\/#website\"},\"primaryImageOfPage\":{\"@id\":\"https:\\\/\\\/nosrevolutions.fr\\\/notre-demarche\\\/#primaryimage\"},\"image\":{\"@id\":\"https:\\\/\\\/nosrevolutions.fr\\\/notre-demarche\\\/#primaryimage\"},\"thumbnailUrl\":\"https:\\\/\\\/nosrevolutions.fr\\\/wp-content\\\/uploads\\\/2022\\\/09\\\/Rectangle-9.jpg\",\"datePublished\":\"2022-09-07T11:50:53+00:00\",\"dateModified\":\"2023-09-22T14:19:12+00:00\",\"breadcrumb\":{\"@id\":\"https:\\\/\\\/nosrevolutions.fr\\\/notre-demarche\\\/#breadcrumb\"},\"inLanguage\":\"en-GB\",\"potentialAction\":[{\"@type\":\"ReadAction\",\"target\":[\"https:\\\/\\\/nosrevolutions.fr\\\/notre-demarche\\\/\"]}]},{\"@type\":\"ImageObject\",\"inLanguage\":\"en-GB\",\"@id\":\"https:\\\/\\\/nosrevolutions.fr\\\/notre-demarche\\\/#primaryimage\",\"url\":\"https:\\\/\\\/nosrevolutions.fr\\\/wp-content\\\/uploads\\\/2022\\\/09\\\/Rectangle-9.jpg\",\"contentUrl\":\"https:\\\/\\\/nosrevolutions.fr\\\/wp-content\\\/uploads\\\/2022\\\/09\\\/Rectangle-9.jpg\",\"width\":1129,\"height\":346},{\"@type\":\"BreadcrumbList\",\"@id\":\"https:\\\/\\\/nosrevolutions.fr\\\/notre-demarche\\\/#breadcrumb\",\"itemListElement\":[{\"@type\":\"ListItem\",\"position\":1,\"name\":\"Accueil\",\"item\":\"https:\\\/\\\/nosrevolutions.fr\\\/\"},{\"@type\":\"ListItem\",\"position\":2,\"name\":\"Notre d\u00e9marche\"}]},{\"@type\":\"WebSite\",\"@id\":\"https:\\\/\\\/nosrevolutions.fr\\\/#website\",\"url\":\"https:\\\/\\\/nosrevolutions.fr\\\/\",\"name\":\"Nos R\u00e9volutions\",\"description\":\"Communisme et mouvement social\",\"publisher\":{\"@id\":\"https:\\\/\\\/nosrevolutions.fr\\\/#organization\"},\"potentialAction\":[{\"@type\":\"SearchAction\",\"target\":{\"@type\":\"EntryPoint\",\"urlTemplate\":\"https:\\\/\\\/nosrevolutions.fr\\\/?s={search_term_string}\"},\"query-input\":{\"@type\":\"PropertyValueSpecification\",\"valueRequired\":true,\"valueName\":\"search_term_string\"}}],\"inLanguage\":\"en-GB\"},{\"@type\":\"Organization\",\"@id\":\"https:\\\/\\\/nosrevolutions.fr\\\/#organization\",\"name\":\"Nos R\u00e9volutions\",\"url\":\"https:\\\/\\\/nosrevolutions.fr\\\/\",\"logo\":{\"@type\":\"ImageObject\",\"inLanguage\":\"en-GB\",\"@id\":\"https:\\\/\\\/nosrevolutions.fr\\\/#\\\/schema\\\/logo\\\/image\\\/\",\"url\":\"https:\\\/\\\/nosrevolutions.fr\\\/wp-content\\\/uploads\\\/2022\\\/09\\\/nrs_logo_noir.png\",\"contentUrl\":\"https:\\\/\\\/nosrevolutions.fr\\\/wp-content\\\/uploads\\\/2022\\\/09\\\/nrs_logo_noir.png\",\"width\":2000,\"height\":501,\"caption\":\"Nos R\u00e9volutions\"},\"image\":{\"@id\":\"https:\\\/\\\/nosrevolutions.fr\\\/#\\\/schema\\\/logo\\\/image\\\/\"},\"sameAs\":[\"https:\\\/\\\/x.com\\\/NosRevolutions\"]}]}<\/script>\n<!-- \/ Yoast SEO plugin. -->","yoast_head_json":{"title":"Notre d\u00e9marche - Nos R\u00e9volutions","robots":{"index":"index","follow":"follow","max-snippet":"max-snippet:-1","max-image-preview":"max-image-preview:large","max-video-preview":"max-video-preview:-1"},"canonical":"https:\/\/nosrevolutions.fr\/en\/notre-demarche\/","og_locale":"en_GB","og_type":"article","og_title":"Notre d\u00e9marche - Nos R\u00e9volutions","og_description":"Lanc\u00e9 \u00e0 l\u2019automne 2022 par des militant\u00b7es communistes et du mouvement social, le m\u00e9dia Nos R\u00e9volutions vise \u00e0 tisser \u00e0 nouveau les liens indispensables entre le courant d\u2019id\u00e9es communiste et [&hellip;]","og_url":"https:\/\/nosrevolutions.fr\/en\/notre-demarche\/","og_site_name":"Nos R\u00e9volutions","article_modified_time":"2023-09-22T14:19:12+00:00","og_image":[{"width":1129,"height":346,"url":"https:\/\/nosrevolutions.fr\/wp-content\/uploads\/2022\/09\/Rectangle-9.jpg","type":"image\/jpeg"}],"twitter_card":"summary_large_image","twitter_site":"@NosRevolutions","twitter_misc":{"Estimated reading time":"1 minute"},"schema":{"@context":"https:\/\/schema.org","@graph":[{"@type":"WebPage","@id":"https:\/\/nosrevolutions.fr\/notre-demarche\/","url":"https:\/\/nosrevolutions.fr\/notre-demarche\/","name":"Notre d\u00e9marche - Nos R\u00e9volutions","isPartOf":{"@id":"https:\/\/nosrevolutions.fr\/#website"},"primaryImageOfPage":{"@id":"https:\/\/nosrevolutions.fr\/notre-demarche\/#primaryimage"},"image":{"@id":"https:\/\/nosrevolutions.fr\/notre-demarche\/#primaryimage"},"thumbnailUrl":"https:\/\/nosrevolutions.fr\/wp-content\/uploads\/2022\/09\/Rectangle-9.jpg","datePublished":"2022-09-07T11:50:53+00:00","dateModified":"2023-09-22T14:19:12+00:00","breadcrumb":{"@id":"https:\/\/nosrevolutions.fr\/notre-demarche\/#breadcrumb"},"inLanguage":"en-GB","potentialAction":[{"@type":"ReadAction","target":["https:\/\/nosrevolutions.fr\/notre-demarche\/"]}]},{"@type":"ImageObject","inLanguage":"en-GB","@id":"https:\/\/nosrevolutions.fr\/notre-demarche\/#primaryimage","url":"https:\/\/nosrevolutions.fr\/wp-content\/uploads\/2022\/09\/Rectangle-9.jpg","contentUrl":"https:\/\/nosrevolutions.fr\/wp-content\/uploads\/2022\/09\/Rectangle-9.jpg","width":1129,"height":346},{"@type":"BreadcrumbList","@id":"https:\/\/nosrevolutions.fr\/notre-demarche\/#breadcrumb","itemListElement":[{"@type":"ListItem","position":1,"name":"Accueil","item":"https:\/\/nosrevolutions.fr\/"},{"@type":"ListItem","position":2,"name":"Notre d\u00e9marche"}]},{"@type":"WebSite","@id":"https:\/\/nosrevolutions.fr\/#website","url":"https:\/\/nosrevolutions.fr\/","name":"Nos R\u00e9volutions","description":"Communisme et mouvement social","publisher":{"@id":"https:\/\/nosrevolutions.fr\/#organization"},"potentialAction":[{"@type":"SearchAction","target":{"@type":"EntryPoint","urlTemplate":"https:\/\/nosrevolutions.fr\/?s={search_term_string}"},"query-input":{"@type":"PropertyValueSpecification","valueRequired":true,"valueName":"search_term_string"}}],"inLanguage":"en-GB"},{"@type":"Organization","@id":"https:\/\/nosrevolutions.fr\/#organization","name":"Nos R\u00e9volutions","url":"https:\/\/nosrevolutions.fr\/","logo":{"@type":"ImageObject","inLanguage":"en-GB","@id":"https:\/\/nosrevolutions.fr\/#\/schema\/logo\/image\/","url":"https:\/\/nosrevolutions.fr\/wp-content\/uploads\/2022\/09\/nrs_logo_noir.png","contentUrl":"https:\/\/nosrevolutions.fr\/wp-content\/uploads\/2022\/09\/nrs_logo_noir.png","width":2000,"height":501,"caption":"Nos R\u00e9volutions"},"image":{"@id":"https:\/\/nosrevolutions.fr\/#\/schema\/logo\/image\/"},"sameAs":["https:\/\/x.com\/NosRevolutions"]}]}},"_links":{"self":[{"href":"https:\/\/nosrevolutions.fr\/en\/wp-json\/wp\/v2\/pages\/56","targetHints":{"allow":["GET"]}}],"collection":[{"href":"https:\/\/nosrevolutions.fr\/en\/wp-json\/wp\/v2\/pages"}],"about":[{"href":"https:\/\/nosrevolutions.fr\/en\/wp-json\/wp\/v2\/types\/page"}],"author":[{"embeddable":true,"href":"https:\/\/nosrevolutions.fr\/en\/wp-json\/wp\/v2\/users\/1"}],"replies":[{"embeddable":true,"href":"https:\/\/nosrevolutions.fr\/en\/wp-json\/wp\/v2\/comments?post=56"}],"version-history":[{"count":14,"href":"https:\/\/nosrevolutions.fr\/en\/wp-json\/wp\/v2\/pages\/56\/revisions"}],"predecessor-version":[{"id":783,"href":"https:\/\/nosrevolutions.fr\/en\/wp-json\/wp\/v2\/pages\/56\/revisions\/783"}],"wp:featuredmedia":[{"embeddable":true,"href":"https:\/\/nosrevolutions.fr\/en\/wp-json\/wp\/v2\/media\/69"}],"wp:attachment":[{"href":"https:\/\/nosrevolutions.fr\/en\/wp-json\/wp\/v2\/media?parent=56"}],"curies":[{"name":"wp","href":"https:\/\/api.w.org\/{rel}","templated":true}]}}