{"id":3862,"date":"2024-04-29T14:43:56","date_gmt":"2024-04-29T12:43:56","guid":{"rendered":"https:\/\/nosrevolutions.fr\/?page_id=3862"},"modified":"2025-08-30T18:25:09","modified_gmt":"2025-08-30T16:25:09","slug":"journees-de-mauprevoir","status":"publish","type":"page","link":"https:\/\/nosrevolutions.fr\/en\/journees-de-mauprevoir\/","title":{"rendered":"Journ\u00e9es de Maupr\u00e9voir"},"content":{"rendered":"<h2 class=\"wp-block-heading\">\u00c9DITION 2025<\/h2>\n\n\n\n<p>Comme en 2024, Nos R\u00e9volutions a organise l&rsquo;\u00e9t\u00e9 2025 les Journ\u00e9es de Maupr\u00e9voir (86), \u00e0 une heure de Poitiers. Elles ont eu lieu les 15, 16 et 17 ao\u00fbt et avaient pour th\u00e8me : \u00ab Les communes, vecteur d\u2019\u00e9mancipation ? \u00bb.<\/p>\n\n\n\n<figure class=\"wp-block-image size-full\"><img loading=\"lazy\" decoding=\"async\" width=\"1080\" height=\"1350\" src=\"https:\/\/nosrevolutions.fr\/wp-content\/uploads\/2025\/07\/Maupre\u0301voir-2025-programme3.png\" alt=\"\" class=\"wp-image-5286\"\/><\/figure>\n\n\n\n<h5 class=\"wp-block-heading\">Interventions :<\/h5>\n\n\n\n<h6 class=\"wp-block-heading\">Vendredi 15 ao\u00fbt<\/h6>\n\n\n\n<p><strong><span style=\"text-decoration: underline;\">14h30 &#8211; Faire face aux limites r\u00e9glementaires de l&rsquo;action municipale\u2028 <\/span><\/strong><br><strong>Didier Seban<\/strong>, dirigeant de l\u2019un des plus grands cabinets de droit public en lien avec les collectivit\u00e9s et co-fondateur des Journ\u00e9es de Maupr\u00e9voir<\/p>\n\n\n\n<p><strong><span style=\"text-decoration: underline;\"><a href=\"https:\/\/nosrevolutions.fr\/en\/2025\/08\/24\/les-communes-sont-elles-utiles-pour-changer-le-monde\/\">15h45 &#8211; Les communes sont-elles utiles pour changer le monde ?\u2028 <\/a><\/span><\/strong><br><strong>Marie Jay<\/strong>, premi\u00e8re adjointe au maire de Gentilly, \u00e0 partir de son intervention \u00e0 la conf\u00e9rence \u00ab Historical Materialism \u00bb \u00e0 Paris sur ce th\u00e8me<\/p>\n\n\n\n<p><strong><span style=\"text-decoration: underline;\"><a href=\"https:\/\/nosrevolutions.fr\/en\/2025\/08\/22\/communes-peut-on-gerer-en-rouge\/\">17h &#8211; Peut-on g\u00e9rer en rouge ?\u2028 <\/a><\/span><\/strong><br><strong>Patrice Leclerc<\/strong>, maire de Gennevilliers, auteur de Pour un nouvel art de vivre populaire\u2028 <br><strong>Gis\u00e8le Jean<\/strong>, maire de Queaux, 1\u00e8re vice-pr\u00e9sidente de la communaut\u00e9 de communes Vienne et Gartempe<\/p>\n\n\n\n<p><strong><span style=\"text-decoration: underline;\">18h30 &#8211; Pr\u00e9sentation de l\u2019exposition de l\u2019association \u00ab&nbsp;L\u2019\u00e9galit\u00e9 c\u2019est pas sorcier&nbsp;\u00bb<\/span><\/strong><\/p>\n\n\n\n<h6 class=\"wp-block-heading\">Samedi 16 ao\u00fbt<\/h6>\n\n\n\n<p><strong><span style=\"text-decoration: underline;\">10h &#8211; Socialisme municipal : principes et pratiques\u2028 <\/span><\/strong><br><strong>Gilles Candar<\/strong>, historien, sp\u00e9cialiste des XIXe et XXe si\u00e8cles et des gauches fran\u00e7aises, pr\u00e9sident de la Soci\u00e9t\u00e9 d\u2019\u00e9tudes jaur\u00e9siennes<\/p>\n\n\n\n<p><strong><span style=\"text-decoration: underline;\"><a href=\"https:\/\/nosrevolutions.fr\/en\/2025\/08\/30\/internationale-municipaliste-des-experiences-inspirantes-a-linternational\/\">11h15 &#8211; Internationale municipaliste : Examiner des exp\u00e9riences inspirantes \u00e0 l\u2019international\u2028 <\/a><\/span><\/strong><br><strong>Bradley Smith<\/strong>, ma\u00eetre de conf\u00e9rences \u00e0 l\u2019universit\u00e9 de Nanterre en \u00e9tudes anglophones, chercheur sur le nouveau municipalisme aux \u00c9tats-Unis et au Royaume-Uni<\/p>\n\n\n\n<p><strong><span style=\"text-decoration: underline;\">14h30 &#8211; Police et gendarmerie dans les villes et les villages : quels rapports avec les populations\u2028 <\/span><\/strong><br><strong>Une sociologue<\/strong> charg\u00e9e de recherche au CNRS<\/p>\n\n\n\n<p><strong><span style=\"text-decoration: underline;\">15h45 &#8211; Le s\u00e9paratisme des riches et leur responsabilit\u00e9 dans le chaos climatique\u2028 <\/span><\/strong><br><strong>Monique Pin\u00e7on-Charlot<\/strong>, sociologue, autrice de Les Riches contre la plan\u00e8te: Violence oligarchique et chaos climatique<\/p>\n\n\n\n<p><strong><span style=\"text-decoration: underline;\">16h30 &#8211; Grands ensemble. Violence, solidarit\u00e9 et ressentiment dans les quartiers populaires\u2028 <\/span><\/strong><br><strong>Fabien Truong<\/strong>, sociologue, co-auteur du livre Grands ensemble \u2028 <br><strong>Manel Djadoun<\/strong>, animatrice de Nos R\u00e9volutions, pr\u00e9sentation du livre Votes populaires&nbsp;! du collectif Focale.<\/p>\n\n\n\n<p><strong><span style=\"text-decoration: underline;\">18h15 &#8211; L&rsquo;action municipale \u00e0 l&rsquo;heure de l&rsquo;Intelligence Artificielle\u2028 <\/span><\/strong><br><strong>Aur\u00e9lie Biancarelli<\/strong>, ma\u00eetresse de conf\u00e9rences \u00e0 Polytech Marseille, adjointe au maire de Marseille\u2028 <br><strong>Hugo Pompougnac<\/strong>, chercheur en informatique, membre de la Fondation Copernic, co-auteur de <em>Que faire de l&rsquo;IA ? Entre risque et opportunit\u00e9 pour la transformation sociale et \u00e9cologique<\/em><\/p>\n\n\n\n<h6 class=\"wp-block-heading\">Dimanche 17 ao\u00fbt<\/h6>\n\n\n\n<p><strong><span style=\"text-decoration: underline;\">10h \u2013 Les d\u00e9fis d\u2019aujourd\u2019hui pour les communes&nbsp;: justice sociale, f\u00e9minisme, adaptation climatique \u2028<\/span><\/strong><br><strong>Nicolas Vercken<\/strong>, directeur des campagnes du plaidoyer et des programmes chez OXFAM<br><strong>Laureen Genthon<\/strong>, conseill\u00e8re d\u00e9partementale 92 et adjointe au maire de Nanterre, d\u00e9l\u00e9gu\u00e9e aux droits des femmes <br><strong>Hadrien Bortot<\/strong>, adjoint au maire du 19\u00e8me arrondissement de Paris<\/p>\n\n\n\n<p>Si tu souhaites venir, nous t\u2019invitons \u00e0 t\u2019inscrire d\u00e8s maintenant en \u00e9crivant \u00e0&nbsp;<a href=\"mailto:contact@nosrevolutions.fr\">contact@nosrevolutions.fr<\/a>&nbsp;pour faciliter l\u2019organisation. Pour rappel, le tarif du week-end est de 100\u20ac. Un tarif solidaire \u00e0 50\u20ac est aussi possible. Note bien que ce prix couvre l\u2019inscription et les repas, mais pas les frais de logement \u00e0 Maupr\u00e9voir.<\/p>\n\n\n\n<p>N\u2019h\u00e9site pas \u00e0 faire circuler le programme dans ton entourage. Au vu de l\u2019actualit\u00e9 politique, avec l\u2019approche des \u00e9lections municipales, beaucoup de militant\u00b7es seront concern\u00e9\u00b7es !<\/p>\n\n\n\n<hr class=\"wp-block-separator has-alpha-channel-opacity is-style-wide\"\/>\n\n\n\n<h2 class=\"wp-block-heading\">\u00c9DITION 2024<\/h2>\n\n\n\n<p><strong>Les Journ\u00e9es de Maupr\u00e9voir se sont tenues du 16 au 18 ao\u00fbt 2024 autour du th\u00e8me : \u00ab Vaincre l\u2019extr\u00eame-droite ? \u00bb, dans la salle des Charbons blancs, \u00e0 Maupr\u00e9voir (Vienne).<\/strong><\/p>\n\n\n\n<p>En France et partout ailleurs, de grandes r\u00e9volutions sociales, \u00e9cologiques, f\u00e9ministes, antiracistes sont mises \u00e0 l\u2019ordre du jour. Confus\u00e9ment exprim\u00e9es, parfois maladroites, ces revendications agitent toute une g\u00e9n\u00e9ration et, par-del\u00e0 la jeunesse, toutes celles et ceux qui croient que le monde peut changer. Face \u00e0 une telle agitation, les classes dominantes se crispent, et recourent au programme et aux partis traditionnels de l\u2019extr\u00eame-droite pour maintenir l\u2019ordre. Ce faisant, ils tirent l\u2019ensemble de la soci\u00e9t\u00e9 vers des m\u0153urs politiques plus brutales, disciplinaires, racistes, familialistes.<\/p>\n\n\n\n<p>Ces journ\u00e9es de Maupr\u00e9voir ont \u00e9t\u00e9 organis\u00e9es pour nous permettre de mieux comprendre ce processus, afin d\u2019\u00eatre capables de v\u00e9ritablement \u00ab vaincre l\u2019extr\u00eame-droite \u00bb.<\/p>\n\n\n\n<h4 class=\"wp-block-heading\"><strong>Retrouvez ci-dessous les interventions<\/strong> <strong>sous forme d&rsquo;articles sur notre site !<\/strong><\/h4>\n\n\n\n<div data-wp-interactive=\"core\/file\" class=\"wp-block-file\"><object data-wp-bind--hidden=\"!state.hasPdfPreview\" hidden class=\"wp-block-file__embed\" data=\"https:\/\/nosrevolutions.fr\/wp-content\/uploads\/2024\/08\/Programme-2024-site-1.pdf\" type=\"application\/pdf\" style=\"width:100%;height:600px\" aria-label=\"Embed of Programme 2024-site.\"><\/object><a id=\"wp-block-file--media-66fcf808-28af-4894-860a-c0d702908b81\" href=\"https:\/\/nosrevolutions.fr\/wp-content\/uploads\/2024\/08\/Programme-2024-site-1.pdf\">Programme 2024-site<\/a><a href=\"https:\/\/nosrevolutions.fr\/wp-content\/uploads\/2024\/08\/Programme-2024-site-1.pdf\" class=\"wp-block-file__button wp-element-button\" download aria-describedby=\"wp-block-file--media-66fcf808-28af-4894-860a-c0d702908b81\">T\u00e9l\u00e9charger<\/a><\/div>\n\n\n\n<h5 class=\"wp-block-heading\">Programme :<\/h5>\n\n\n\n<p><span style=\"text-decoration: underline;\"><strong>Vendredi 16 ao\u00fbt \/ 14h30-19h30<\/strong><\/span><\/p>\n\n\n\n<p>\u00ab \u00c0 quoi reconna\u00eet-on une pens\u00e9e d&rsquo;extr\u00eame-droite ? \u00bb <strong>avec Arnaud Fran\u00e7ois<\/strong><\/p>\n\n\n\n<p><a href=\"https:\/\/nosrevolutions.fr\/en\/2024\/09\/03\/feminisation-de-lextreme-droite-la-comprendre-pour-mieux-la-combattre\/\">\u00ab F\u00e9minisation de l&rsquo;extr\u00eame-droite. La comprendre pour mieux la combattre. \u00bb<\/a> <strong>avec Juliette L\u00e9onard<\/strong><\/p>\n\n\n\n<p><strong><em>Pause<\/em><\/strong><\/p>\n\n\n\n<p>\u00ab Quels sont les chemins du vote \u00e0 l&rsquo;extr\u00eame-droite ? \u00bb<strong> avec un professeur du CNRS<\/strong><\/p>\n\n\n\n<p><a href=\"https:\/\/nosrevolutions.fr\/en\/2024\/09\/06\/histoire-de-lunef-du-renouveau-a-la-reunification-1971-2001\/\">\u00ab Histoire de l&rsquo;UNEF (1971-2001), du \u00ab\u00a0renouveau\u00a0\u00bb \u00e0 la \u00ab\u00a0r\u00e9unification\u00a0\u00bb \u00bb<\/a> <strong>avec Fr\u00e9d\u00e9rick Genev\u00e9e<\/strong><\/p>\n\n\n\n<p><span style=\"text-decoration: underline;\"><strong>Samedi 17 ao\u00fbt \/ 10h-19h30<\/strong><\/span><\/p>\n\n\n\n<p>\u00ab L&rsquo;extr\u00eame-droite en Europe apr\u00e8s les \u00e9lections de 2024. \u00bb<strong> avec Ana\u00efs Fley<\/strong><\/p>\n\n\n\n<p><a href=\"https:\/\/nosrevolutions.fr\/en\/2024\/09\/01\/montee-de-lextreme-droite-quelles-reponses\/\">\u00ab Mont\u00e9e de l&rsquo;extr\u00eame-droite, quelles r\u00e9ponses ? \u00bb<\/a> <strong>avec Patrick le Hyaric<\/strong><\/p>\n\n\n\n<p><a href=\"https:\/\/nosrevolutions.fr\/en\/2024\/08\/22\/de-toulon-a-gentilly-montee-de-lextreme-droite-quelles-reponses\/\">\u00ab De Toulon \u00e0 Gentilly : mont\u00e9e de l\u2019extr\u00eame-droite, quelles r\u00e9ponses ? \u00bb<\/a> <strong>avec Marie Jay<\/strong><\/p>\n\n\n\n<p><strong><em>D\u00e9jeuner<\/em><\/strong><\/p>\n\n\n\n<p><a href=\"https:\/\/nosrevolutions.fr\/en\/2024\/08\/20\/comprendre-les-emeutes-dextreme-droite-au-royaume-uni\/\">\u00ab Comprendre les \u00e9meutes d&rsquo;extr\u00eame-droite au Royaume-Uni \u00bb<\/a> <strong>avec Antoine Guerreiro<\/strong><\/p>\n\n\n\n<p>\u00ab Extr\u00eame-droite isra\u00e9lienne et extr\u00eame-droite fran\u00e7aise, quels liens ? \u00bb <strong>avec Taoufiq Tahani<\/strong><\/p>\n\n\n\n<p><strong><em>Pause<\/em><\/strong><\/p>\n\n\n\n<p>\u00ab Face \u00e0 l&rsquo;\u00e9volution d&rsquo;Erdogan vers la dictature, le repositionnement des kurdes \u00bb <strong>avec Sylvie Jan et Roseline Kisa<\/strong><\/p>\n\n\n\n<p>\u00ab Visite guid\u00e9e de l&rsquo;exposition \u00ab\u00a0Femmes kurdes Libert\u00e9 \u00bb<\/p>\n\n\n\n<p><span style=\"text-decoration: underline;\"><strong>Dimanche 18 ao\u00fbt \/ 10h-13h<\/strong><\/span><\/p>\n\n\n\n<p>\u00ab L&rsquo;extr\u00eame-droite en France : le tournant du 21 avril 2002 \u00bb <strong>avec Michel Duffour<\/strong><\/p>\n\n\n\n<p>\u00ab La lutte commune du salaire pour combattre le racisme \u00bb <strong>avec Bernard Friot<\/strong><\/p>","protected":false},"excerpt":{"rendered":"<p>\u00c9DITION 2025 Comme en 2024, Nos R\u00e9volutions a organise l&rsquo;\u00e9t\u00e9 2025 les Journ\u00e9es de Maupr\u00e9voir (86), \u00e0 une heure de Poitiers. Elles ont eu lieu les 15, 16 et 17 [&hellip;]<\/p>\n","protected":false},"author":1,"featured_media":0,"parent":0,"menu_order":0,"comment_status":"closed","ping_status":"closed","template":"","meta":{"_EventAllDay":false,"_EventTimezone":"","_EventStartDate":"","_EventEndDate":"","_EventStartDateUTC":"","_EventEndDateUTC":"","_EventShowMap":false,"_EventShowMapLink":false,"_EventURL":"","_EventCost":"","_EventCostDescription":"","_EventCurrencySymbol":"","_EventCurrencyCode":"","_EventCurrencyPosition":"","_EventDateTimeSeparator":"","_EventTimeRangeSeparator":"","_EventOrganizerID":[],"_EventVenueID":[],"_OrganizerEmail":"","_OrganizerPhone":"","_OrganizerWebsite":"","_VenueAddress":"","_VenueCity":"","_VenueCountry":"","_VenueProvince":"","_VenueState":"","_VenueZip":"","_VenuePhone":"","_VenueURL":"","_VenueStateProvince":"","_VenueLat":"","_VenueLng":"","_VenueShowMap":false,"_VenueShowMapLink":false,"footnotes":""},"class_list":["post-3862","page","type-page","status-publish","hentry"],"yoast_head":"<!-- This site is optimized with the Yoast SEO plugin v27.3 - https:\/\/yoast.com\/product\/yoast-seo-wordpress\/ -->\n<title>Journ\u00e9es de Maupr\u00e9voir - Nos R\u00e9volutions<\/title>\n<meta name=\"robots\" content=\"index, follow, max-snippet:-1, max-image-preview:large, max-video-preview:-1\" \/>\n<link rel=\"canonical\" href=\"https:\/\/nosrevolutions.fr\/en\/journees-de-mauprevoir\/\" \/>\n<meta property=\"og:locale\" content=\"en_GB\" \/>\n<meta property=\"og:type\" content=\"article\" \/>\n<meta property=\"og:title\" content=\"Journ\u00e9es de Maupr\u00e9voir - Nos R\u00e9volutions\" \/>\n<meta property=\"og:description\" content=\"\u00c9DITION 2025 Comme en 2024, Nos R\u00e9volutions a organise l&rsquo;\u00e9t\u00e9 2025 les Journ\u00e9es de Maupr\u00e9voir (86), \u00e0 une heure de Poitiers. Elles ont eu lieu les 15, 16 et 17 [&hellip;]\" \/>\n<meta property=\"og:url\" content=\"https:\/\/nosrevolutions.fr\/en\/journees-de-mauprevoir\/\" \/>\n<meta property=\"og:site_name\" content=\"Nos R\u00e9volutions\" \/>\n<meta property=\"article:modified_time\" content=\"2025-08-30T16:25:09+00:00\" \/>\n<meta property=\"og:image\" content=\"https:\/\/nosrevolutions.fr\/wp-content\/uploads\/2022\/09\/nrs_logo_noir.png\" \/>\n\t<meta property=\"og:image:width\" content=\"2000\" \/>\n\t<meta property=\"og:image:height\" content=\"501\" \/>\n\t<meta property=\"og:image:type\" content=\"image\/png\" \/>\n<meta name=\"twitter:card\" content=\"summary_large_image\" \/>\n<meta name=\"twitter:site\" content=\"@NosRevolutions\" \/>\n<meta name=\"twitter:label1\" content=\"Estimated reading time\" \/>\n\t<meta name=\"twitter:data1\" content=\"5 minutes\" \/>\n<script type=\"application\/ld+json\" class=\"yoast-schema-graph\">{\"@context\":\"https:\\\/\\\/schema.org\",\"@graph\":[{\"@type\":\"WebPage\",\"@id\":\"https:\\\/\\\/nosrevolutions.fr\\\/journees-de-mauprevoir\\\/\",\"url\":\"https:\\\/\\\/nosrevolutions.fr\\\/journees-de-mauprevoir\\\/\",\"name\":\"Journ\u00e9es de Maupr\u00e9voir - Nos R\u00e9volutions\",\"isPartOf\":{\"@id\":\"https:\\\/\\\/nosrevolutions.fr\\\/#website\"},\"datePublished\":\"2024-04-29T12:43:56+00:00\",\"dateModified\":\"2025-08-30T16:25:09+00:00\",\"breadcrumb\":{\"@id\":\"https:\\\/\\\/nosrevolutions.fr\\\/journees-de-mauprevoir\\\/#breadcrumb\"},\"inLanguage\":\"en-GB\",\"potentialAction\":[{\"@type\":\"ReadAction\",\"target\":[\"https:\\\/\\\/nosrevolutions.fr\\\/journees-de-mauprevoir\\\/\"]}]},{\"@type\":\"BreadcrumbList\",\"@id\":\"https:\\\/\\\/nosrevolutions.fr\\\/journees-de-mauprevoir\\\/#breadcrumb\",\"itemListElement\":[{\"@type\":\"ListItem\",\"position\":1,\"name\":\"Accueil\",\"item\":\"https:\\\/\\\/nosrevolutions.fr\\\/\"},{\"@type\":\"ListItem\",\"position\":2,\"name\":\"Journ\u00e9es de Maupr\u00e9voir\"}]},{\"@type\":\"WebSite\",\"@id\":\"https:\\\/\\\/nosrevolutions.fr\\\/#website\",\"url\":\"https:\\\/\\\/nosrevolutions.fr\\\/\",\"name\":\"Nos R\u00e9volutions\",\"description\":\"Communisme et mouvement social\",\"publisher\":{\"@id\":\"https:\\\/\\\/nosrevolutions.fr\\\/#organization\"},\"potentialAction\":[{\"@type\":\"SearchAction\",\"target\":{\"@type\":\"EntryPoint\",\"urlTemplate\":\"https:\\\/\\\/nosrevolutions.fr\\\/?s={search_term_string}\"},\"query-input\":{\"@type\":\"PropertyValueSpecification\",\"valueRequired\":true,\"valueName\":\"search_term_string\"}}],\"inLanguage\":\"en-GB\"},{\"@type\":\"Organization\",\"@id\":\"https:\\\/\\\/nosrevolutions.fr\\\/#organization\",\"name\":\"Nos R\u00e9volutions\",\"url\":\"https:\\\/\\\/nosrevolutions.fr\\\/\",\"logo\":{\"@type\":\"ImageObject\",\"inLanguage\":\"en-GB\",\"@id\":\"https:\\\/\\\/nosrevolutions.fr\\\/#\\\/schema\\\/logo\\\/image\\\/\",\"url\":\"https:\\\/\\\/nosrevolutions.fr\\\/wp-content\\\/uploads\\\/2022\\\/09\\\/nrs_logo_noir.png\",\"contentUrl\":\"https:\\\/\\\/nosrevolutions.fr\\\/wp-content\\\/uploads\\\/2022\\\/09\\\/nrs_logo_noir.png\",\"width\":2000,\"height\":501,\"caption\":\"Nos R\u00e9volutions\"},\"image\":{\"@id\":\"https:\\\/\\\/nosrevolutions.fr\\\/#\\\/schema\\\/logo\\\/image\\\/\"},\"sameAs\":[\"https:\\\/\\\/x.com\\\/NosRevolutions\"]}]}<\/script>\n<!-- \/ Yoast SEO plugin. -->","yoast_head_json":{"title":"Journ\u00e9es de Maupr\u00e9voir - Nos R\u00e9volutions","robots":{"index":"index","follow":"follow","max-snippet":"max-snippet:-1","max-image-preview":"max-image-preview:large","max-video-preview":"max-video-preview:-1"},"canonical":"https:\/\/nosrevolutions.fr\/en\/journees-de-mauprevoir\/","og_locale":"en_GB","og_type":"article","og_title":"Journ\u00e9es de Maupr\u00e9voir - Nos R\u00e9volutions","og_description":"\u00c9DITION 2025 Comme en 2024, Nos R\u00e9volutions a organise l&rsquo;\u00e9t\u00e9 2025 les Journ\u00e9es de Maupr\u00e9voir (86), \u00e0 une heure de Poitiers. Elles ont eu lieu les 15, 16 et 17 [&hellip;]","og_url":"https:\/\/nosrevolutions.fr\/en\/journees-de-mauprevoir\/","og_site_name":"Nos R\u00e9volutions","article_modified_time":"2025-08-30T16:25:09+00:00","og_image":[{"width":2000,"height":501,"url":"https:\/\/nosrevolutions.fr\/wp-content\/uploads\/2022\/09\/nrs_logo_noir.png","type":"image\/png"}],"twitter_card":"summary_large_image","twitter_site":"@NosRevolutions","twitter_misc":{"Estimated reading time":"5 minutes"},"schema":{"@context":"https:\/\/schema.org","@graph":[{"@type":"WebPage","@id":"https:\/\/nosrevolutions.fr\/journees-de-mauprevoir\/","url":"https:\/\/nosrevolutions.fr\/journees-de-mauprevoir\/","name":"Journ\u00e9es de Maupr\u00e9voir - Nos R\u00e9volutions","isPartOf":{"@id":"https:\/\/nosrevolutions.fr\/#website"},"datePublished":"2024-04-29T12:43:56+00:00","dateModified":"2025-08-30T16:25:09+00:00","breadcrumb":{"@id":"https:\/\/nosrevolutions.fr\/journees-de-mauprevoir\/#breadcrumb"},"inLanguage":"en-GB","potentialAction":[{"@type":"ReadAction","target":["https:\/\/nosrevolutions.fr\/journees-de-mauprevoir\/"]}]},{"@type":"BreadcrumbList","@id":"https:\/\/nosrevolutions.fr\/journees-de-mauprevoir\/#breadcrumb","itemListElement":[{"@type":"ListItem","position":1,"name":"Accueil","item":"https:\/\/nosrevolutions.fr\/"},{"@type":"ListItem","position":2,"name":"Journ\u00e9es de Maupr\u00e9voir"}]},{"@type":"WebSite","@id":"https:\/\/nosrevolutions.fr\/#website","url":"https:\/\/nosrevolutions.fr\/","name":"Nos R\u00e9volutions","description":"Communisme et mouvement social","publisher":{"@id":"https:\/\/nosrevolutions.fr\/#organization"},"potentialAction":[{"@type":"SearchAction","target":{"@type":"EntryPoint","urlTemplate":"https:\/\/nosrevolutions.fr\/?s={search_term_string}"},"query-input":{"@type":"PropertyValueSpecification","valueRequired":true,"valueName":"search_term_string"}}],"inLanguage":"en-GB"},{"@type":"Organization","@id":"https:\/\/nosrevolutions.fr\/#organization","name":"Nos R\u00e9volutions","url":"https:\/\/nosrevolutions.fr\/","logo":{"@type":"ImageObject","inLanguage":"en-GB","@id":"https:\/\/nosrevolutions.fr\/#\/schema\/logo\/image\/","url":"https:\/\/nosrevolutions.fr\/wp-content\/uploads\/2022\/09\/nrs_logo_noir.png","contentUrl":"https:\/\/nosrevolutions.fr\/wp-content\/uploads\/2022\/09\/nrs_logo_noir.png","width":2000,"height":501,"caption":"Nos R\u00e9volutions"},"image":{"@id":"https:\/\/nosrevolutions.fr\/#\/schema\/logo\/image\/"},"sameAs":["https:\/\/x.com\/NosRevolutions"]}]}},"_links":{"self":[{"href":"https:\/\/nosrevolutions.fr\/en\/wp-json\/wp\/v2\/pages\/3862","targetHints":{"allow":["GET"]}}],"collection":[{"href":"https:\/\/nosrevolutions.fr\/en\/wp-json\/wp\/v2\/pages"}],"about":[{"href":"https:\/\/nosrevolutions.fr\/en\/wp-json\/wp\/v2\/types\/page"}],"author":[{"embeddable":true,"href":"https:\/\/nosrevolutions.fr\/en\/wp-json\/wp\/v2\/users\/1"}],"replies":[{"embeddable":true,"href":"https:\/\/nosrevolutions.fr\/en\/wp-json\/wp\/v2\/comments?post=3862"}],"version-history":[{"count":46,"href":"https:\/\/nosrevolutions.fr\/en\/wp-json\/wp\/v2\/pages\/3862\/revisions"}],"predecessor-version":[{"id":5386,"href":"https:\/\/nosrevolutions.fr\/en\/wp-json\/wp\/v2\/pages\/3862\/revisions\/5386"}],"wp:attachment":[{"href":"https:\/\/nosrevolutions.fr\/en\/wp-json\/wp\/v2\/media?parent=3862"}],"curies":[{"name":"wp","href":"https:\/\/api.w.org\/{rel}","templated":true}]}}