{"id":3791,"date":"2024-04-01T16:53:35","date_gmt":"2024-04-01T14:53:35","guid":{"rendered":"https:\/\/nosrevolutions.fr\/?page_id=3791"},"modified":"2024-04-01T16:55:27","modified_gmt":"2024-04-01T14:55:27","slug":"du-wokisme-a-vladimir-poutine-la-meme-haine-de-loccident","status":"publish","type":"page","link":"https:\/\/nosrevolutions.fr\/en\/du-wokisme-a-vladimir-poutine-la-meme-haine-de-loccident\/","title":{"rendered":"\u00ab\u00a0Du wokisme \u00e0 Vladimir Poutine, la m\u00eame haine de l&rsquo;Occident\u00a0\u00bb"},"content":{"rendered":"<figure class=\"wp-block-image size-full\"><img loading=\"lazy\" decoding=\"async\" width=\"1024\" height=\"576\" src=\"https:\/\/nosrevolutions.fr\/wp-content\/uploads\/2024\/04\/photo_2024-04-01_14-22-38.jpg\" alt=\"\" class=\"wp-image-3792\" srcset=\"https:\/\/nosrevolutions.fr\/wp-content\/uploads\/2024\/04\/photo_2024-04-01_14-22-38.jpg 1024w, https:\/\/nosrevolutions.fr\/wp-content\/uploads\/2024\/04\/photo_2024-04-01_14-22-38-300x169.jpg 300w, https:\/\/nosrevolutions.fr\/wp-content\/uploads\/2024\/04\/photo_2024-04-01_14-22-38-768x432.jpg 768w\" sizes=\"auto, (max-width: 1024px) 100vw, 1024px\" \/><\/figure>\n\n\n\n<p><strong>Par Bernard-Henri L\u00e9vy<\/strong>*.<\/p>\n\n\n\n<p>\u00ab\u00a0Dans le paysage politique mondial actuel, deux forces \u00e9mergent comme les faces oppos\u00e9es d&rsquo;une m\u00eame m\u00e9daille : le wokisme occidental et le r\u00e9gime autoritaire de Vladimir Poutine en Russie. Bien que semblant \u00eatre des id\u00e9ologies diam\u00e9tralement oppos\u00e9es, elles partagent en r\u00e9alit\u00e9 un d\u00e9nominateur commun : une profonde antipathie envers l&rsquo;Occident d\u00e9mocratique et ses valeurs fondamentales.<\/p>\n\n\n\n<p>Le wokisme, ce mouvement qui pr\u00e9tend \u0153uvrer pour la justice sociale et l&rsquo;\u00e9galit\u00e9, s&rsquo;est \u00e9rig\u00e9 en champion de la d\u00e9construction de l&rsquo;Occident. Sous le pr\u00e9texte de lutter contre l&rsquo;oppression et les discriminations, le wokisme s&rsquo;en prend violemment aux fondements de nos soci\u00e9t\u00e9s, niant l&rsquo;universalit\u00e9 des valeurs humanistes au nom d&rsquo;une conception essentialiste de l&rsquo;identit\u00e9.<\/p>\n\n\n\n<p>D&rsquo;un autre c\u00f4t\u00e9, Vladimir Poutine exploite habilement les faiblesses et les divisions de l&rsquo;Occident pour asseoir son pouvoir autoritaire en Russie et \u00e9tendre son influence \u00e0 l&rsquo;\u00e9tranger. En diabolisant l&rsquo;Occident et en pr\u00e9sentant la d\u00e9mocratie lib\u00e9rale comme un mod\u00e8le d\u00e9cadent et corrompu, Poutine cherche \u00e0 justifier son propre r\u00e9gime r\u00e9pressif et \u00e0 affaiblir les institutions d\u00e9mocratiques \u00e0 travers le monde.<\/p>\n\n\n\n<p>Comme l&rsquo;a dit L\u00e9nine, \u00ab\u00a0la bourgeoisie craint la scie, nous craignons la crise.\u00a0\u00bb Cette citation r\u00e9sonne particuli\u00e8rement dans le contexte actuel, o\u00f9 le wokisme et le r\u00e9gime de Poutine s&#8217;emploient tous deux \u00e0 exploiter les tensions et les fissures au sein de nos soci\u00e9t\u00e9s d\u00e9mocratiques pour parvenir \u00e0 leurs fins.<\/p>\n\n\n\n<p>Pourtant, malgr\u00e9 leurs diff\u00e9rences de surface, le wokisme et le r\u00e9gime de Poutine partagent une vision commune de l&rsquo;Occident comme un ennemi \u00e0 abattre. Tous deux cherchent \u00e0 saper les valeurs qui ont fait la grandeur de nos soci\u00e9t\u00e9s d\u00e9mocratiques : la libert\u00e9 d&rsquo;expression, l&rsquo;\u00e9tat de droit, et le respect des droits de l&rsquo;homme.<\/p>\n\n\n\n<p>Il est temps pour les d\u00e9fenseurs de la libert\u00e9 et de la d\u00e9mocratie de reconna\u00eetre cette convergence inqui\u00e9tante entre le wokisme et le r\u00e9gime de Poutine, et de faire front uni pour d\u00e9fendre les principes qui sont au c\u0153ur de notre civilisation. Nous devons r\u00e9sister \u00e0 la tentation de c\u00e9der \u00e0 la division et \u00e0 la haine, et nous tenir fermes dans notre engagement envers les valeurs de la libert\u00e9, de la justice et de la dignit\u00e9 humaine.<\/p>\n\n\n\n<p>En conclusion, que ce soit sous les oripeaux du wokisme occidental ou dans les discours nationalistes de Vladimir Poutine, la m\u00eame haine de l&rsquo;Occident se manifeste. Il est de notre devoir de ne pas tomber dans le pi\u00e8ge de la polarisation et de l&rsquo;extr\u00e9misme, mais plut\u00f4t de d\u00e9fendre avec d\u00e9termination les id\u00e9aux qui ont fa\u00e7onn\u00e9 notre monde moderne. Et rappelez-vous, comme disait le philosophe fran\u00e7ais Alain, \u00ab\u00a0un peu de <strong>poisson <\/strong>dans l&rsquo;eau du bocal n&rsquo;est pas un luxe, c&rsquo;est une n\u00e9cessit\u00e9.\u00a0\u00bb<\/p>\n\n\n\n<p><\/p>\n\n\n\n<hr class=\"wp-block-separator has-alpha-channel-opacity\"\/>\n\n\n\n<p>* Image d&rsquo;illustration&#8230; et texte g\u00e9n\u00e9r\u00e9s par Intelligence Artificielle. Merci d&rsquo;avoir lu ce poisson d&rsquo;avril 2024 !<\/p>","protected":false},"excerpt":{"rendered":"<p>Par Bernard-Henri L\u00e9vy*. \u00ab\u00a0Dans le paysage politique mondial actuel, deux forces \u00e9mergent comme les faces oppos\u00e9es d&rsquo;une m\u00eame m\u00e9daille : le wokisme occidental et le r\u00e9gime autoritaire de Vladimir Poutine [&hellip;]<\/p>\n","protected":false},"author":1,"featured_media":3792,"parent":0,"menu_order":0,"comment_status":"closed","ping_status":"closed","template":"","meta":{"_EventAllDay":false,"_EventTimezone":"","_EventStartDate":"","_EventEndDate":"","_EventStartDateUTC":"","_EventEndDateUTC":"","_EventShowMap":false,"_EventShowMapLink":false,"_EventURL":"","_EventCost":"","_EventCostDescription":"","_EventCurrencySymbol":"","_EventCurrencyCode":"","_EventCurrencyPosition":"","_EventDateTimeSeparator":"","_EventTimeRangeSeparator":"","_EventOrganizerID":[],"_EventVenueID":[],"_OrganizerEmail":"","_OrganizerPhone":"","_OrganizerWebsite":"","_VenueAddress":"","_VenueCity":"","_VenueCountry":"","_VenueProvince":"","_VenueState":"","_VenueZip":"","_VenuePhone":"","_VenueURL":"","_VenueStateProvince":"","_VenueLat":"","_VenueLng":"","_VenueShowMap":false,"_VenueShowMapLink":false,"footnotes":""},"class_list":["post-3791","page","type-page","status-publish","has-post-thumbnail","hentry"],"yoast_head":"<!-- This site is optimized with the Yoast SEO plugin v27.3 - https:\/\/yoast.com\/product\/yoast-seo-wordpress\/ -->\n<title>&quot;Du wokisme \u00e0 Vladimir Poutine, la m\u00eame haine de l&#039;Occident&quot; - Nos R\u00e9volutions<\/title>\n<meta name=\"robots\" content=\"index, follow, max-snippet:-1, max-image-preview:large, max-video-preview:-1\" \/>\n<link rel=\"canonical\" href=\"https:\/\/nosrevolutions.fr\/en\/du-wokisme-a-vladimir-poutine-la-meme-haine-de-loccident\/\" \/>\n<meta property=\"og:locale\" content=\"en_GB\" \/>\n<meta property=\"og:type\" content=\"article\" \/>\n<meta property=\"og:title\" content=\"&quot;Du wokisme \u00e0 Vladimir Poutine, la m\u00eame haine de l&#039;Occident&quot; - Nos R\u00e9volutions\" \/>\n<meta property=\"og:description\" content=\"Par Bernard-Henri L\u00e9vy*. \u00ab\u00a0Dans le paysage politique mondial actuel, deux forces \u00e9mergent comme les faces oppos\u00e9es d&rsquo;une m\u00eame m\u00e9daille : le wokisme occidental et le r\u00e9gime autoritaire de Vladimir Poutine [&hellip;]\" \/>\n<meta property=\"og:url\" content=\"https:\/\/nosrevolutions.fr\/en\/du-wokisme-a-vladimir-poutine-la-meme-haine-de-loccident\/\" \/>\n<meta property=\"og:site_name\" content=\"Nos R\u00e9volutions\" \/>\n<meta property=\"article:modified_time\" content=\"2024-04-01T14:55:27+00:00\" \/>\n<meta property=\"og:image\" content=\"https:\/\/nosrevolutions.fr\/wp-content\/uploads\/2024\/04\/photo_2024-04-01_14-22-38.jpg\" \/>\n\t<meta property=\"og:image:width\" content=\"1024\" \/>\n\t<meta property=\"og:image:height\" content=\"576\" \/>\n\t<meta property=\"og:image:type\" content=\"image\/jpeg\" \/>\n<meta name=\"twitter:card\" content=\"summary_large_image\" \/>\n<meta name=\"twitter:site\" content=\"@NosRevolutions\" \/>\n<meta name=\"twitter:label1\" content=\"Estimated reading time\" \/>\n\t<meta name=\"twitter:data1\" content=\"3 minutes\" \/>\n<script type=\"application\/ld+json\" class=\"yoast-schema-graph\">{\"@context\":\"https:\\\/\\\/schema.org\",\"@graph\":[{\"@type\":\"WebPage\",\"@id\":\"https:\\\/\\\/nosrevolutions.fr\\\/du-wokisme-a-vladimir-poutine-la-meme-haine-de-loccident\\\/\",\"url\":\"https:\\\/\\\/nosrevolutions.fr\\\/du-wokisme-a-vladimir-poutine-la-meme-haine-de-loccident\\\/\",\"name\":\"\\\"Du wokisme \u00e0 Vladimir Poutine, la m\u00eame haine de l'Occident\\\" - Nos R\u00e9volutions\",\"isPartOf\":{\"@id\":\"https:\\\/\\\/nosrevolutions.fr\\\/#website\"},\"primaryImageOfPage\":{\"@id\":\"https:\\\/\\\/nosrevolutions.fr\\\/du-wokisme-a-vladimir-poutine-la-meme-haine-de-loccident\\\/#primaryimage\"},\"image\":{\"@id\":\"https:\\\/\\\/nosrevolutions.fr\\\/du-wokisme-a-vladimir-poutine-la-meme-haine-de-loccident\\\/#primaryimage\"},\"thumbnailUrl\":\"https:\\\/\\\/nosrevolutions.fr\\\/wp-content\\\/uploads\\\/2024\\\/04\\\/photo_2024-04-01_14-22-38.jpg\",\"datePublished\":\"2024-04-01T14:53:35+00:00\",\"dateModified\":\"2024-04-01T14:55:27+00:00\",\"breadcrumb\":{\"@id\":\"https:\\\/\\\/nosrevolutions.fr\\\/du-wokisme-a-vladimir-poutine-la-meme-haine-de-loccident\\\/#breadcrumb\"},\"inLanguage\":\"en-GB\",\"potentialAction\":[{\"@type\":\"ReadAction\",\"target\":[\"https:\\\/\\\/nosrevolutions.fr\\\/du-wokisme-a-vladimir-poutine-la-meme-haine-de-loccident\\\/\"]}]},{\"@type\":\"ImageObject\",\"inLanguage\":\"en-GB\",\"@id\":\"https:\\\/\\\/nosrevolutions.fr\\\/du-wokisme-a-vladimir-poutine-la-meme-haine-de-loccident\\\/#primaryimage\",\"url\":\"https:\\\/\\\/nosrevolutions.fr\\\/wp-content\\\/uploads\\\/2024\\\/04\\\/photo_2024-04-01_14-22-38.jpg\",\"contentUrl\":\"https:\\\/\\\/nosrevolutions.fr\\\/wp-content\\\/uploads\\\/2024\\\/04\\\/photo_2024-04-01_14-22-38.jpg\",\"width\":1024,\"height\":576},{\"@type\":\"BreadcrumbList\",\"@id\":\"https:\\\/\\\/nosrevolutions.fr\\\/du-wokisme-a-vladimir-poutine-la-meme-haine-de-loccident\\\/#breadcrumb\",\"itemListElement\":[{\"@type\":\"ListItem\",\"position\":1,\"name\":\"Accueil\",\"item\":\"https:\\\/\\\/nosrevolutions.fr\\\/\"},{\"@type\":\"ListItem\",\"position\":2,\"name\":\"\u00ab\u00a0Du wokisme \u00e0 Vladimir Poutine, la m\u00eame haine de l&rsquo;Occident\u00a0\u00bb\"}]},{\"@type\":\"WebSite\",\"@id\":\"https:\\\/\\\/nosrevolutions.fr\\\/#website\",\"url\":\"https:\\\/\\\/nosrevolutions.fr\\\/\",\"name\":\"Nos R\u00e9volutions\",\"description\":\"Communisme et mouvement social\",\"publisher\":{\"@id\":\"https:\\\/\\\/nosrevolutions.fr\\\/#organization\"},\"potentialAction\":[{\"@type\":\"SearchAction\",\"target\":{\"@type\":\"EntryPoint\",\"urlTemplate\":\"https:\\\/\\\/nosrevolutions.fr\\\/?s={search_term_string}\"},\"query-input\":{\"@type\":\"PropertyValueSpecification\",\"valueRequired\":true,\"valueName\":\"search_term_string\"}}],\"inLanguage\":\"en-GB\"},{\"@type\":\"Organization\",\"@id\":\"https:\\\/\\\/nosrevolutions.fr\\\/#organization\",\"name\":\"Nos R\u00e9volutions\",\"url\":\"https:\\\/\\\/nosrevolutions.fr\\\/\",\"logo\":{\"@type\":\"ImageObject\",\"inLanguage\":\"en-GB\",\"@id\":\"https:\\\/\\\/nosrevolutions.fr\\\/#\\\/schema\\\/logo\\\/image\\\/\",\"url\":\"https:\\\/\\\/nosrevolutions.fr\\\/wp-content\\\/uploads\\\/2022\\\/09\\\/nrs_logo_noir.png\",\"contentUrl\":\"https:\\\/\\\/nosrevolutions.fr\\\/wp-content\\\/uploads\\\/2022\\\/09\\\/nrs_logo_noir.png\",\"width\":2000,\"height\":501,\"caption\":\"Nos R\u00e9volutions\"},\"image\":{\"@id\":\"https:\\\/\\\/nosrevolutions.fr\\\/#\\\/schema\\\/logo\\\/image\\\/\"},\"sameAs\":[\"https:\\\/\\\/x.com\\\/NosRevolutions\"]}]}<\/script>\n<!-- \/ Yoast SEO plugin. -->","yoast_head_json":{"title":"\"Du wokisme \u00e0 Vladimir Poutine, la m\u00eame haine de l'Occident\" - Nos R\u00e9volutions","robots":{"index":"index","follow":"follow","max-snippet":"max-snippet:-1","max-image-preview":"max-image-preview:large","max-video-preview":"max-video-preview:-1"},"canonical":"https:\/\/nosrevolutions.fr\/en\/du-wokisme-a-vladimir-poutine-la-meme-haine-de-loccident\/","og_locale":"en_GB","og_type":"article","og_title":"\"Du wokisme \u00e0 Vladimir Poutine, la m\u00eame haine de l'Occident\" - Nos R\u00e9volutions","og_description":"Par Bernard-Henri L\u00e9vy*. \u00ab\u00a0Dans le paysage politique mondial actuel, deux forces \u00e9mergent comme les faces oppos\u00e9es d&rsquo;une m\u00eame m\u00e9daille : le wokisme occidental et le r\u00e9gime autoritaire de Vladimir Poutine [&hellip;]","og_url":"https:\/\/nosrevolutions.fr\/en\/du-wokisme-a-vladimir-poutine-la-meme-haine-de-loccident\/","og_site_name":"Nos R\u00e9volutions","article_modified_time":"2024-04-01T14:55:27+00:00","og_image":[{"width":1024,"height":576,"url":"https:\/\/nosrevolutions.fr\/wp-content\/uploads\/2024\/04\/photo_2024-04-01_14-22-38.jpg","type":"image\/jpeg"}],"twitter_card":"summary_large_image","twitter_site":"@NosRevolutions","twitter_misc":{"Estimated reading time":"3 minutes"},"schema":{"@context":"https:\/\/schema.org","@graph":[{"@type":"WebPage","@id":"https:\/\/nosrevolutions.fr\/du-wokisme-a-vladimir-poutine-la-meme-haine-de-loccident\/","url":"https:\/\/nosrevolutions.fr\/du-wokisme-a-vladimir-poutine-la-meme-haine-de-loccident\/","name":"\"Du wokisme \u00e0 Vladimir Poutine, la m\u00eame haine de l'Occident\" - Nos R\u00e9volutions","isPartOf":{"@id":"https:\/\/nosrevolutions.fr\/#website"},"primaryImageOfPage":{"@id":"https:\/\/nosrevolutions.fr\/du-wokisme-a-vladimir-poutine-la-meme-haine-de-loccident\/#primaryimage"},"image":{"@id":"https:\/\/nosrevolutions.fr\/du-wokisme-a-vladimir-poutine-la-meme-haine-de-loccident\/#primaryimage"},"thumbnailUrl":"https:\/\/nosrevolutions.fr\/wp-content\/uploads\/2024\/04\/photo_2024-04-01_14-22-38.jpg","datePublished":"2024-04-01T14:53:35+00:00","dateModified":"2024-04-01T14:55:27+00:00","breadcrumb":{"@id":"https:\/\/nosrevolutions.fr\/du-wokisme-a-vladimir-poutine-la-meme-haine-de-loccident\/#breadcrumb"},"inLanguage":"en-GB","potentialAction":[{"@type":"ReadAction","target":["https:\/\/nosrevolutions.fr\/du-wokisme-a-vladimir-poutine-la-meme-haine-de-loccident\/"]}]},{"@type":"ImageObject","inLanguage":"en-GB","@id":"https:\/\/nosrevolutions.fr\/du-wokisme-a-vladimir-poutine-la-meme-haine-de-loccident\/#primaryimage","url":"https:\/\/nosrevolutions.fr\/wp-content\/uploads\/2024\/04\/photo_2024-04-01_14-22-38.jpg","contentUrl":"https:\/\/nosrevolutions.fr\/wp-content\/uploads\/2024\/04\/photo_2024-04-01_14-22-38.jpg","width":1024,"height":576},{"@type":"BreadcrumbList","@id":"https:\/\/nosrevolutions.fr\/du-wokisme-a-vladimir-poutine-la-meme-haine-de-loccident\/#breadcrumb","itemListElement":[{"@type":"ListItem","position":1,"name":"Accueil","item":"https:\/\/nosrevolutions.fr\/"},{"@type":"ListItem","position":2,"name":"\u00ab\u00a0Du wokisme \u00e0 Vladimir Poutine, la m\u00eame haine de l&rsquo;Occident\u00a0\u00bb"}]},{"@type":"WebSite","@id":"https:\/\/nosrevolutions.fr\/#website","url":"https:\/\/nosrevolutions.fr\/","name":"Nos R\u00e9volutions","description":"Communisme et mouvement social","publisher":{"@id":"https:\/\/nosrevolutions.fr\/#organization"},"potentialAction":[{"@type":"SearchAction","target":{"@type":"EntryPoint","urlTemplate":"https:\/\/nosrevolutions.fr\/?s={search_term_string}"},"query-input":{"@type":"PropertyValueSpecification","valueRequired":true,"valueName":"search_term_string"}}],"inLanguage":"en-GB"},{"@type":"Organization","@id":"https:\/\/nosrevolutions.fr\/#organization","name":"Nos R\u00e9volutions","url":"https:\/\/nosrevolutions.fr\/","logo":{"@type":"ImageObject","inLanguage":"en-GB","@id":"https:\/\/nosrevolutions.fr\/#\/schema\/logo\/image\/","url":"https:\/\/nosrevolutions.fr\/wp-content\/uploads\/2022\/09\/nrs_logo_noir.png","contentUrl":"https:\/\/nosrevolutions.fr\/wp-content\/uploads\/2022\/09\/nrs_logo_noir.png","width":2000,"height":501,"caption":"Nos R\u00e9volutions"},"image":{"@id":"https:\/\/nosrevolutions.fr\/#\/schema\/logo\/image\/"},"sameAs":["https:\/\/x.com\/NosRevolutions"]}]}},"_links":{"self":[{"href":"https:\/\/nosrevolutions.fr\/en\/wp-json\/wp\/v2\/pages\/3791","targetHints":{"allow":["GET"]}}],"collection":[{"href":"https:\/\/nosrevolutions.fr\/en\/wp-json\/wp\/v2\/pages"}],"about":[{"href":"https:\/\/nosrevolutions.fr\/en\/wp-json\/wp\/v2\/types\/page"}],"author":[{"embeddable":true,"href":"https:\/\/nosrevolutions.fr\/en\/wp-json\/wp\/v2\/users\/1"}],"replies":[{"embeddable":true,"href":"https:\/\/nosrevolutions.fr\/en\/wp-json\/wp\/v2\/comments?post=3791"}],"version-history":[{"count":2,"href":"https:\/\/nosrevolutions.fr\/en\/wp-json\/wp\/v2\/pages\/3791\/revisions"}],"predecessor-version":[{"id":3794,"href":"https:\/\/nosrevolutions.fr\/en\/wp-json\/wp\/v2\/pages\/3791\/revisions\/3794"}],"wp:featuredmedia":[{"embeddable":true,"href":"https:\/\/nosrevolutions.fr\/en\/wp-json\/wp\/v2\/media\/3792"}],"wp:attachment":[{"href":"https:\/\/nosrevolutions.fr\/en\/wp-json\/wp\/v2\/media?parent=3791"}],"curies":[{"name":"wp","href":"https:\/\/api.w.org\/{rel}","templated":true}]}}