{"id":3507,"date":"2023-12-21T10:01:49","date_gmt":"2023-12-21T09:01:49","guid":{"rendered":"https:\/\/nosrevolutions.fr\/?page_id=3507"},"modified":"2023-12-21T10:08:11","modified_gmt":"2023-12-21T09:08:11","slug":"marwan-barghouti-la-esperanza-de-la-paz","status":"publish","type":"page","link":"https:\/\/nosrevolutions.fr\/en\/marwan-barghouti-la-esperanza-de-la-paz\/","title":{"rendered":"Marwan Barghouti : la esperanza de la paz"},"content":{"rendered":"<div class=\"wp-block-group is-layout-constrained wp-block-group-is-layout-constrained\">\n<div class=\"wp-block-buttons is-layout-flex wp-block-buttons-is-layout-flex\">\n<div class=\"wp-block-button is-style-fill\"><a class=\"wp-block-button__link has-background-color has-vivid-purple-background-color has-text-color has-background has-link-color has-text-align-center wp-element-button\" href=\"https:\/\/nosrevolutions.fr\/en\/liberez-marwan-barghouti\/\">Fran\u00e7ais<\/a><\/div>\n\n\n\n<div class=\"wp-block-button\"><a class=\"wp-block-button__link has-background-color has-vivid-purple-background-color has-text-color has-background has-link-color has-text-align-center wp-element-button\" href=\"https:\/\/nosrevolutions.fr\/en\/marwan-barghouti-the-hope-of-peace\/\">English<\/a><\/div>\n\n\n\n<div class=\"wp-block-button is-style-outline is-style-outline--1\"><a class=\"wp-block-button__link has-background-color has-vivid-purple-background-color has-text-color has-background has-link-color has-text-align-center wp-element-button\" href=\"https:\/\/nosrevolutions.fr\/en\/marwan-barghouti-la-esperanza-de-la-paz\/\">Espa\u00f1ol<\/a><\/div>\n\n\n\n<div class=\"wp-block-button\"><a class=\"wp-block-button__link has-background-color has-vivid-purple-background-color has-text-color has-background has-link-color has-text-align-center wp-element-button\" href=\"https:\/\/nosrevolutions.fr\/en\/%d9%85%d8%b1%d9%88%d8%a7%d9%86-%d8%a7%d9%84%d8%a8%d8%b1%d8%ba%d9%88%d8%ab%d9%8a-%d8%a3%d9%85%d9%84-%d8%a7%d9%84%d8%b3%d9%84%d8%a7%d9%85\/\">\u0627\u0644\u0639\u0631\u0628\u064a\u0629<\/a><\/div>\n\n\n\n<div class=\"wp-block-button is-style-fill\"><a class=\"wp-block-button__link has-background-color has-vivid-purple-background-color has-text-color has-background has-link-color has-text-align-center wp-element-button\" href=\"https:\/\/nosrevolutions.fr\/en\/%d7%9e%d7%a8%d7%95%d7%90%d7%9f%d7%91%d7%a8%d7%92%d7%95%d7%aa%d7%99-%d7%94%d7%aa%d7%a7%d7%95%d7%95%d7%94%d7%9c%d7%a9%d7%9c%d7%95%d7%9d-2\/\">\u05dc\u05d7\u05ea\u05d5\u05dd<\/a><\/div>\n<\/div>\n\n\n\n<div style=\"height:1px\" aria-hidden=\"true\" class=\"wp-block-spacer\"><\/div>\n<\/div>\n\n\n\n<figure class=\"wp-block-image size-large\"><img loading=\"lazy\" decoding=\"async\" width=\"819\" height=\"1024\" src=\"https:\/\/nosrevolutions.fr\/wp-content\/uploads\/2023\/12\/image-espagnol-819x1024.jpg\" alt=\"\" class=\"wp-image-3508\" srcset=\"https:\/\/nosrevolutions.fr\/wp-content\/uploads\/2023\/12\/image-espagnol-819x1024.jpg 819w, https:\/\/nosrevolutions.fr\/wp-content\/uploads\/2023\/12\/image-espagnol-240x300.jpg 240w, https:\/\/nosrevolutions.fr\/wp-content\/uploads\/2023\/12\/image-espagnol-768x960.jpg 768w, https:\/\/nosrevolutions.fr\/wp-content\/uploads\/2023\/12\/image-espagnol.jpg 1024w\" sizes=\"auto, (max-width: 819px) 100vw, 819px\" \/><\/figure>\n\n\n\n<p>El 7 de octubre un nuevo ciclo de terror y violencia armada sin precedentes ha surgido en Oriente Pr\u00f3ximo. Mil doscientos civiles israel\u00edes perdieron la vida en atentados terroristas organizados por Ham\u00e1s en territorio israel\u00ed y decenas de rehenes siguen secuestrados. La respuesta militar inmediata lanzada por el gobierno colonial de extrema derecha de B. Netanyahu est\u00e1 a\u00f1adiendo guerra a la guerra, caos al caos, muerte a la muerte: casi 20.000 hasta la fecha, seg\u00fan fuentes gazat\u00edes, incluido un n\u00famero masivo de ni\u00f1os.<\/p>\n\n\n\n<p>Ning\u00fan crimen repara un crimen. La guerra entre Israel y Ham\u00e1s es el s\u00edntoma del fracaso de una soluci\u00f3n pol\u00edtica, pero tambi\u00e9n de la negaci\u00f3n de ella misma. Aun as\u00ed esa soluci\u00f3n pol\u00edtica est\u00e1 reclamada valientemente por las familias de rehenes israel\u00edes que manifiestan en Tel Aviv. La construcci\u00f3n de esta respuesta pol\u00edtica, inseparable de un alto el fuego inmediato y que abra la perspectiva de una paz justa y duradera, puede contar con los hombres y mujeres dispuestos a ser sus art\u00edfices.<\/p>\n\n\n\n<p>Del lado israel\u00ed, la figura de la paz ha venido a menudo de antiguos soldados. Del lado palestino, una figura conocida que lleva 21 a\u00f1os encarcelado en prisiones israel\u00edes encarna la perspectiva de paz: Marwan Barghouti, miembro del Consejo Legislativo Palestino.<\/p>\n\n\n\n<p>\u00bfPor qu\u00e9 este hombre? Popular entre su pueblo, fiel a las convicciones del movimiento nacional palestino, cr\u00edtico con el estancamiento de la era post-Oslo, ha demostrado en varias ocasiones que puede impulsar la soluci\u00f3n de los dos Estados, dentro de la arquitectura de las resoluciones de la ONU y las fronteras de 1967.<\/p>\n\n\n\n<p>Todos los diplom\u00e1ticos y expertos en la situaci\u00f3n de Oriente Pr\u00f3ximo saben que la liberaci\u00f3n inmediata del que ha sido apodado el \u00ab\u00a0Mandela palestino\u00a0\u00bb es una de las claves de la soluci\u00f3n pol\u00edtica que los pueblos palestino e israel\u00ed necesitan para vivir en paz.<\/p>\n\n\n\n<p>Para empezar por fin a construir una paz justa y duradera, exijamos un alto el fuego inmediato, la devoluci\u00f3n de todos los rehenes a sus familias y movilic\u00e9monos para obtener la liberaci\u00f3n de Marwan Barghouti y de todos los dem\u00e1s presos pol\u00edticos palestinos.<\/p>\n\n\n\n<div class=\"wp-block-buttons is-content-justification-center is-layout-flex wp-container-core-buttons-is-layout-a89b3969 wp-block-buttons-is-layout-flex\">\n<div class=\"wp-block-button has-custom-width wp-block-button__width-25 is-style-fill\"><a class=\"wp-block-button__link has-background-color has-vivid-purple-background-color has-text-color has-background has-link-color wp-element-button\" href=\"https:\/\/nosrevolutions.fr\/en\/liberez-marwan-barghouti\/#sign\">Apoyo<\/a><\/div>\n<\/div>","protected":false},"excerpt":{"rendered":"<p>El 7 de octubre un nuevo ciclo de terror y violencia armada sin precedentes ha surgido en Oriente Pr\u00f3ximo. Mil doscientos civiles israel\u00edes perdieron la vida en atentados terroristas organizados [&hellip;]<\/p>\n","protected":false},"author":1,"featured_media":0,"parent":0,"menu_order":0,"comment_status":"closed","ping_status":"closed","template":"","meta":{"_EventAllDay":false,"_EventTimezone":"","_EventStartDate":"","_EventEndDate":"","_EventStartDateUTC":"","_EventEndDateUTC":"","_EventShowMap":false,"_EventShowMapLink":false,"_EventURL":"","_EventCost":"","_EventCostDescription":"","_EventCurrencySymbol":"","_EventCurrencyCode":"","_EventCurrencyPosition":"","_EventDateTimeSeparator":"","_EventTimeRangeSeparator":"","_EventOrganizerID":[],"_EventVenueID":[],"_OrganizerEmail":"","_OrganizerPhone":"","_OrganizerWebsite":"","_VenueAddress":"","_VenueCity":"","_VenueCountry":"","_VenueProvince":"","_VenueState":"","_VenueZip":"","_VenuePhone":"","_VenueURL":"","_VenueStateProvince":"","_VenueLat":"","_VenueLng":"","_VenueShowMap":false,"_VenueShowMapLink":false,"footnotes":""},"class_list":["post-3507","page","type-page","status-publish","hentry"],"yoast_head":"<!-- This site is optimized with the Yoast SEO plugin v27.4 - https:\/\/yoast.com\/product\/yoast-seo-wordpress\/ -->\n<title>Marwan Barghouti : la esperanza de la paz - Nos R\u00e9volutions<\/title>\n<meta name=\"robots\" content=\"index, follow, max-snippet:-1, max-image-preview:large, max-video-preview:-1\" \/>\n<link rel=\"canonical\" href=\"https:\/\/nosrevolutions.fr\/en\/marwan-barghouti-la-esperanza-de-la-paz\/\" \/>\n<meta property=\"og:locale\" content=\"en_GB\" \/>\n<meta property=\"og:type\" content=\"article\" \/>\n<meta property=\"og:title\" content=\"Marwan Barghouti : la esperanza de la paz - Nos R\u00e9volutions\" \/>\n<meta property=\"og:description\" content=\"El 7 de octubre un nuevo ciclo de terror y violencia armada sin precedentes ha surgido en Oriente Pr\u00f3ximo. Mil doscientos civiles israel\u00edes perdieron la vida en atentados terroristas organizados [&hellip;]\" \/>\n<meta property=\"og:url\" content=\"https:\/\/nosrevolutions.fr\/en\/marwan-barghouti-la-esperanza-de-la-paz\/\" \/>\n<meta property=\"og:site_name\" content=\"Nos R\u00e9volutions\" \/>\n<meta property=\"article:modified_time\" content=\"2023-12-21T09:08:11+00:00\" \/>\n<meta property=\"og:image\" content=\"https:\/\/nosrevolutions.fr\/wp-content\/uploads\/2023\/12\/image-espagnol-819x1024.jpg\" \/>\n<meta name=\"twitter:card\" content=\"summary_large_image\" \/>\n<meta name=\"twitter:site\" content=\"@NosRevolutions\" \/>\n<meta name=\"twitter:label1\" content=\"Estimated reading time\" \/>\n\t<meta name=\"twitter:data1\" content=\"3 minutes\" \/>\n<script type=\"application\/ld+json\" class=\"yoast-schema-graph\">{\"@context\":\"https:\\\/\\\/schema.org\",\"@graph\":[{\"@type\":\"WebPage\",\"@id\":\"https:\\\/\\\/nosrevolutions.fr\\\/marwan-barghouti-la-esperanza-de-la-paz\\\/\",\"url\":\"https:\\\/\\\/nosrevolutions.fr\\\/marwan-barghouti-la-esperanza-de-la-paz\\\/\",\"name\":\"Marwan Barghouti : la esperanza de la paz - Nos R\u00e9volutions\",\"isPartOf\":{\"@id\":\"https:\\\/\\\/nosrevolutions.fr\\\/#website\"},\"primaryImageOfPage\":{\"@id\":\"https:\\\/\\\/nosrevolutions.fr\\\/marwan-barghouti-la-esperanza-de-la-paz\\\/#primaryimage\"},\"image\":{\"@id\":\"https:\\\/\\\/nosrevolutions.fr\\\/marwan-barghouti-la-esperanza-de-la-paz\\\/#primaryimage\"},\"thumbnailUrl\":\"https:\\\/\\\/nosrevolutions.fr\\\/wp-content\\\/uploads\\\/2023\\\/12\\\/image-espagnol-819x1024.jpg\",\"datePublished\":\"2023-12-21T09:01:49+00:00\",\"dateModified\":\"2023-12-21T09:08:11+00:00\",\"breadcrumb\":{\"@id\":\"https:\\\/\\\/nosrevolutions.fr\\\/marwan-barghouti-la-esperanza-de-la-paz\\\/#breadcrumb\"},\"inLanguage\":\"en-GB\",\"potentialAction\":[{\"@type\":\"ReadAction\",\"target\":[\"https:\\\/\\\/nosrevolutions.fr\\\/marwan-barghouti-la-esperanza-de-la-paz\\\/\"]}]},{\"@type\":\"ImageObject\",\"inLanguage\":\"en-GB\",\"@id\":\"https:\\\/\\\/nosrevolutions.fr\\\/marwan-barghouti-la-esperanza-de-la-paz\\\/#primaryimage\",\"url\":\"https:\\\/\\\/nosrevolutions.fr\\\/wp-content\\\/uploads\\\/2023\\\/12\\\/image-espagnol-819x1024.jpg\",\"contentUrl\":\"https:\\\/\\\/nosrevolutions.fr\\\/wp-content\\\/uploads\\\/2023\\\/12\\\/image-espagnol-819x1024.jpg\"},{\"@type\":\"BreadcrumbList\",\"@id\":\"https:\\\/\\\/nosrevolutions.fr\\\/marwan-barghouti-la-esperanza-de-la-paz\\\/#breadcrumb\",\"itemListElement\":[{\"@type\":\"ListItem\",\"position\":1,\"name\":\"Accueil\",\"item\":\"https:\\\/\\\/nosrevolutions.fr\\\/\"},{\"@type\":\"ListItem\",\"position\":2,\"name\":\"Marwan Barghouti : la esperanza de la paz\"}]},{\"@type\":\"WebSite\",\"@id\":\"https:\\\/\\\/nosrevolutions.fr\\\/#website\",\"url\":\"https:\\\/\\\/nosrevolutions.fr\\\/\",\"name\":\"Nos R\u00e9volutions\",\"description\":\"Communisme et mouvement social\",\"publisher\":{\"@id\":\"https:\\\/\\\/nosrevolutions.fr\\\/#organization\"},\"potentialAction\":[{\"@type\":\"SearchAction\",\"target\":{\"@type\":\"EntryPoint\",\"urlTemplate\":\"https:\\\/\\\/nosrevolutions.fr\\\/?s={search_term_string}\"},\"query-input\":{\"@type\":\"PropertyValueSpecification\",\"valueRequired\":true,\"valueName\":\"search_term_string\"}}],\"inLanguage\":\"en-GB\"},{\"@type\":\"Organization\",\"@id\":\"https:\\\/\\\/nosrevolutions.fr\\\/#organization\",\"name\":\"Nos R\u00e9volutions\",\"url\":\"https:\\\/\\\/nosrevolutions.fr\\\/\",\"logo\":{\"@type\":\"ImageObject\",\"inLanguage\":\"en-GB\",\"@id\":\"https:\\\/\\\/nosrevolutions.fr\\\/#\\\/schema\\\/logo\\\/image\\\/\",\"url\":\"https:\\\/\\\/nosrevolutions.fr\\\/wp-content\\\/uploads\\\/2022\\\/09\\\/nrs_logo_noir.png\",\"contentUrl\":\"https:\\\/\\\/nosrevolutions.fr\\\/wp-content\\\/uploads\\\/2022\\\/09\\\/nrs_logo_noir.png\",\"width\":2000,\"height\":501,\"caption\":\"Nos R\u00e9volutions\"},\"image\":{\"@id\":\"https:\\\/\\\/nosrevolutions.fr\\\/#\\\/schema\\\/logo\\\/image\\\/\"},\"sameAs\":[\"https:\\\/\\\/x.com\\\/NosRevolutions\"]}]}<\/script>\n<!-- \/ Yoast SEO plugin. -->","yoast_head_json":{"title":"Marwan Barghouti : la esperanza de la paz - Nos R\u00e9volutions","robots":{"index":"index","follow":"follow","max-snippet":"max-snippet:-1","max-image-preview":"max-image-preview:large","max-video-preview":"max-video-preview:-1"},"canonical":"https:\/\/nosrevolutions.fr\/en\/marwan-barghouti-la-esperanza-de-la-paz\/","og_locale":"en_GB","og_type":"article","og_title":"Marwan Barghouti : la esperanza de la paz - Nos R\u00e9volutions","og_description":"El 7 de octubre un nuevo ciclo de terror y violencia armada sin precedentes ha surgido en Oriente Pr\u00f3ximo. Mil doscientos civiles israel\u00edes perdieron la vida en atentados terroristas organizados [&hellip;]","og_url":"https:\/\/nosrevolutions.fr\/en\/marwan-barghouti-la-esperanza-de-la-paz\/","og_site_name":"Nos R\u00e9volutions","article_modified_time":"2023-12-21T09:08:11+00:00","og_image":[{"url":"https:\/\/nosrevolutions.fr\/wp-content\/uploads\/2023\/12\/image-espagnol-819x1024.jpg","type":"","width":"","height":""}],"twitter_card":"summary_large_image","twitter_site":"@NosRevolutions","twitter_misc":{"Estimated reading time":"3 minutes"},"schema":{"@context":"https:\/\/schema.org","@graph":[{"@type":"WebPage","@id":"https:\/\/nosrevolutions.fr\/marwan-barghouti-la-esperanza-de-la-paz\/","url":"https:\/\/nosrevolutions.fr\/marwan-barghouti-la-esperanza-de-la-paz\/","name":"Marwan Barghouti : la esperanza de la paz - Nos R\u00e9volutions","isPartOf":{"@id":"https:\/\/nosrevolutions.fr\/#website"},"primaryImageOfPage":{"@id":"https:\/\/nosrevolutions.fr\/marwan-barghouti-la-esperanza-de-la-paz\/#primaryimage"},"image":{"@id":"https:\/\/nosrevolutions.fr\/marwan-barghouti-la-esperanza-de-la-paz\/#primaryimage"},"thumbnailUrl":"https:\/\/nosrevolutions.fr\/wp-content\/uploads\/2023\/12\/image-espagnol-819x1024.jpg","datePublished":"2023-12-21T09:01:49+00:00","dateModified":"2023-12-21T09:08:11+00:00","breadcrumb":{"@id":"https:\/\/nosrevolutions.fr\/marwan-barghouti-la-esperanza-de-la-paz\/#breadcrumb"},"inLanguage":"en-GB","potentialAction":[{"@type":"ReadAction","target":["https:\/\/nosrevolutions.fr\/marwan-barghouti-la-esperanza-de-la-paz\/"]}]},{"@type":"ImageObject","inLanguage":"en-GB","@id":"https:\/\/nosrevolutions.fr\/marwan-barghouti-la-esperanza-de-la-paz\/#primaryimage","url":"https:\/\/nosrevolutions.fr\/wp-content\/uploads\/2023\/12\/image-espagnol-819x1024.jpg","contentUrl":"https:\/\/nosrevolutions.fr\/wp-content\/uploads\/2023\/12\/image-espagnol-819x1024.jpg"},{"@type":"BreadcrumbList","@id":"https:\/\/nosrevolutions.fr\/marwan-barghouti-la-esperanza-de-la-paz\/#breadcrumb","itemListElement":[{"@type":"ListItem","position":1,"name":"Accueil","item":"https:\/\/nosrevolutions.fr\/"},{"@type":"ListItem","position":2,"name":"Marwan Barghouti : la esperanza de la paz"}]},{"@type":"WebSite","@id":"https:\/\/nosrevolutions.fr\/#website","url":"https:\/\/nosrevolutions.fr\/","name":"Nos R\u00e9volutions","description":"Communisme et mouvement social","publisher":{"@id":"https:\/\/nosrevolutions.fr\/#organization"},"potentialAction":[{"@type":"SearchAction","target":{"@type":"EntryPoint","urlTemplate":"https:\/\/nosrevolutions.fr\/?s={search_term_string}"},"query-input":{"@type":"PropertyValueSpecification","valueRequired":true,"valueName":"search_term_string"}}],"inLanguage":"en-GB"},{"@type":"Organization","@id":"https:\/\/nosrevolutions.fr\/#organization","name":"Nos R\u00e9volutions","url":"https:\/\/nosrevolutions.fr\/","logo":{"@type":"ImageObject","inLanguage":"en-GB","@id":"https:\/\/nosrevolutions.fr\/#\/schema\/logo\/image\/","url":"https:\/\/nosrevolutions.fr\/wp-content\/uploads\/2022\/09\/nrs_logo_noir.png","contentUrl":"https:\/\/nosrevolutions.fr\/wp-content\/uploads\/2022\/09\/nrs_logo_noir.png","width":2000,"height":501,"caption":"Nos R\u00e9volutions"},"image":{"@id":"https:\/\/nosrevolutions.fr\/#\/schema\/logo\/image\/"},"sameAs":["https:\/\/x.com\/NosRevolutions"]}]}},"_links":{"self":[{"href":"https:\/\/nosrevolutions.fr\/en\/wp-json\/wp\/v2\/pages\/3507","targetHints":{"allow":["GET"]}}],"collection":[{"href":"https:\/\/nosrevolutions.fr\/en\/wp-json\/wp\/v2\/pages"}],"about":[{"href":"https:\/\/nosrevolutions.fr\/en\/wp-json\/wp\/v2\/types\/page"}],"author":[{"embeddable":true,"href":"https:\/\/nosrevolutions.fr\/en\/wp-json\/wp\/v2\/users\/1"}],"replies":[{"embeddable":true,"href":"https:\/\/nosrevolutions.fr\/en\/wp-json\/wp\/v2\/comments?post=3507"}],"version-history":[{"count":4,"href":"https:\/\/nosrevolutions.fr\/en\/wp-json\/wp\/v2\/pages\/3507\/revisions"}],"predecessor-version":[{"id":3523,"href":"https:\/\/nosrevolutions.fr\/en\/wp-json\/wp\/v2\/pages\/3507\/revisions\/3523"}],"wp:attachment":[{"href":"https:\/\/nosrevolutions.fr\/en\/wp-json\/wp\/v2\/media?parent=3507"}],"curies":[{"name":"wp","href":"https:\/\/api.w.org\/{rel}","templated":true}]}}